{"id":94,"date":"2024-11-13T05:19:36","date_gmt":"2024-11-13T05:19:36","guid":{"rendered":"http:\/\/landustrie.nl\/?page_id=94"},"modified":"2024-12-24T12:27:38","modified_gmt":"2024-12-24T12:27:38","slug":"uber-landustrie","status":"publish","type":"page","link":"https:\/\/landustrie.nl\/de\/over-landustrie\/","title":{"rendered":"Landustrie"},"content":{"rendered":"<div id=\"block_eb42c2684213722f9b0c6701c61f8185\" class=\"ms_breadcrumbs\">\n            <style>@media screen and (max-width: 39.9375em){#block_eb42c2684213722f9b0c6701c61f8185{margin-bottom:0.5rem;}}@media screen and (min-width: 40em) and (max-width: 63.9375em){#block_eb42c2684213722f9b0c6701c61f8185{margin-bottom:1rem;}}@media screen and (min-width: 64em){#block_eb42c2684213722f9b0c6701c61f8185{margin-bottom:1rem;}}<\/style>\n    \n    <ul id=\"breadcrumbs\" class=\"breadcrumbs\"><li itemprop=\"itemListElement\" itemscope itemtype=\"http:\/\/schema.org\/ListItem\"><a class=\"breadcrumbs__link\" href=\"https:\/\/landustrie.nl\/de\/\" itemprop=\"item\" title=\"Startseite\"><span itemprop=\"name\" style=\"display: none;\">Startseite<\/span><img loading=\"lazy\" decoding=\"async\" width=\"19\" height=\"19\" src=\"https:\/\/landustrie.nl\/wp-content\/uploads\/sites\/2\/2024\/11\/home-icon.svg\" class=\"icon-image icon-fw\" alt=\"Heim-Symbol\" aria-hidden=\"true\" \/>\n    <\/a><meta itemprop=\"position\" content=\"1\" \/><\/li><\/ul>\n<\/div>\n\n\n<h1 class=\"wp-block-post-title\">Landustrie<\/h1>\n\n\n<div id=\"ms-container-dfb311e\" class=\"wp-block-ms-container alignfull has-height-normal\"><div class=\"ms-container--wrapper alignnormal\">\n<div class=\"wp-block-columns\">\n<div class=\"wp-block-column\" style=\"flex-basis:66.66%\">\n<h2 class=\"wp-block-heading\">Wassertechnik<\/h2>\n\n\n\n<p class=\"wp-block-paragraph\">Wasser ist \u00fcberall und allumfassend, und so ist es auch mit der Landustrie-Produktpalette. Wir k\u00f6nnen ein Produkt f\u00fcr jeden Behandlungsschritt anbieten. Wir sind also schon seit mehr als 100 Jahren in der Wassertechnologie t\u00e4tig! Lesen Sie unten mehr \u00fcber unsere Produkte und L\u00f6sungen.<\/p>\n\n\n\n<figure class=\"wp-block-image size-full is-resized is-style-rounded\"><img loading=\"lazy\" decoding=\"async\" width=\"800\" height=\"480\" src=\"https:\/\/landustrie.nl\/wp-content\/uploads\/sites\/2\/2021\/07\/Landustrie-RWZI-Everstekoog-The-Netherlands-1.jpg\" alt=\"\" class=\"wp-image-1735\" style=\"width:450px\" title=\"\" srcset=\"https:\/\/landustrie.nl\/wp-content\/uploads\/sites\/2\/2021\/07\/Landustrie-RWZI-Everstekoog-The-Netherlands-1.jpg 800w, https:\/\/landustrie.nl\/wp-content\/uploads\/sites\/2\/2021\/07\/Landustrie-RWZI-Everstekoog-The-Netherlands-1-300x180.jpg 300w, https:\/\/landustrie.nl\/wp-content\/uploads\/sites\/2\/2021\/07\/Landustrie-RWZI-Everstekoog-The-Netherlands-1-768x461.jpg 768w, https:\/\/landustrie.nl\/wp-content\/uploads\/sites\/2\/2021\/07\/Landustrie-RWZI-Everstekoog-The-Netherlands-1-18x12.jpg 18w, https:\/\/landustrie.nl\/wp-content\/uploads\/sites\/2\/2021\/07\/Landustrie-RWZI-Everstekoog-The-Netherlands-1-425x255.jpg 425w, https:\/\/landustrie.nl\/wp-content\/uploads\/sites\/2\/2021\/07\/Landustrie-RWZI-Everstekoog-The-Netherlands-1-200x120.jpg 200w\" sizes=\"auto, (max-width: 800px) 100vw, 800px\" \/><\/figure>\n\n\n\n<h2 class=\"wp-block-heading\">Wasseraufbereitung<\/h2>\n\n\n\n<p class=\"wp-block-paragraph\">F\u00fcr Kl\u00e4ranlagen konzipieren und liefern wir Produkte, die in jeder Reinigungsstufe eingesetzt werden k\u00f6nnen. Wir verf\u00fcgen auch \u00fcber das notwendige Prozesswissen, um ein optimales Behandlungskonzept zu realisieren. Im Bereich der aeroben Behandlung verf\u00fcgen wir zum Beispiel \u00fcber das Know-how und die Technologie, um die effizienteste Bel\u00fcftungskonfiguration auszuarbeiten und umzusetzen.<\/p>\n\n\n\n<p class=\"wp-block-paragraph\">Wir erkennen auch die Bedeutung von Innovationen in der Wasseraufbereitungstechnologie an. Vorreiter sind die Reduzierung des Energieverbrauchs und der Beitrag zu einer Kreislaufwirtschaft. Dies hat zu neuen Sanit\u00e4rtechniken gef\u00fchrt, wie z. B. <a href=\"http:\/\/www.desah.nl\">Desah<\/a>  dezentrale Abwasserreinigung, Wiederverwendung von Wertstoffen und Reststoffen sowie Energier\u00fcckgewinnung.<\/p>\n\n\n\n<figure class=\"wp-block-image size-full is-resized is-style-rounded\"><img loading=\"lazy\" decoding=\"async\" width=\"800\" height=\"600\" src=\"https:\/\/landustrie.nl\/wp-content\/uploads\/sites\/2\/2021\/07\/Landustrie_tHoekje.jpg\" alt=\"\" class=\"wp-image-193\" style=\"aspect-ratio:16\/9;object-fit:cover;width:450px\" title=\"\" srcset=\"https:\/\/landustrie.nl\/wp-content\/uploads\/sites\/2\/2021\/07\/Landustrie_tHoekje.jpg 800w, https:\/\/landustrie.nl\/wp-content\/uploads\/sites\/2\/2021\/07\/Landustrie_tHoekje-300x225.jpg 300w, https:\/\/landustrie.nl\/wp-content\/uploads\/sites\/2\/2021\/07\/Landustrie_tHoekje-768x576.jpg 768w, https:\/\/landustrie.nl\/wp-content\/uploads\/sites\/2\/2021\/07\/Landustrie_tHoekje-16x12.jpg 16w, https:\/\/landustrie.nl\/wp-content\/uploads\/sites\/2\/2021\/07\/Landustrie_tHoekje-425x319.jpg 425w, https:\/\/landustrie.nl\/wp-content\/uploads\/sites\/2\/2021\/07\/Landustrie_tHoekje-200x150.jpg 200w\" sizes=\"auto, (max-width: 800px) 100vw, 800px\" \/><\/figure>\n\n\n\n<h2 class=\"wp-block-heading\">Wasserwirtschaft<\/h2>\n\n\n\n<p class=\"wp-block-paragraph\">Die Gew\u00e4hrleistung einer optimalen Wasserbewirtschaftung und angemessener Wasserressourcen in unserem Land ist von entscheidender Bedeutung. Wir sind stolz darauf, seit mehr als einem Jahrhundert in der Wasserwirtschaft t\u00e4tig zu sein. Dies zeigt sich in der Lieferung von verschiedenen Pumpstationen (u.a. Kanalisationspumpstationen, Polderpumpstationen, Druckerh\u00f6hungspumpstationen, Schneckenpumpstationen) und Pumpanlagen mit oder ohne die dazugeh\u00f6rige Steuerung und Telemetrie. In enger Absprache mit dem Kunden kann ein vollst\u00e4ndiger Entwurfs- und Konstruktionsplan erstellt werden, bei dem wir die Verantwortung f\u00fcr den Entwurf, die Dimensionierung und die Ausf\u00fchrung \u00fcbernehmen. Die Fischfreundlichkeit wird dabei nicht aus den Augen verloren.<\/p>\n\n\n\n<figure class=\"wp-block-image size-full is-resized is-style-rounded\"><img loading=\"lazy\" decoding=\"async\" width=\"845\" height=\"321\" src=\"https:\/\/landustrie.nl\/wp-content\/uploads\/sites\/2\/2024\/11\/Pompput-845x321-1.jpg\" alt=\"\" class=\"wp-image-18930\" style=\"width:450px\" title=\"\" srcset=\"https:\/\/landustrie.nl\/wp-content\/uploads\/sites\/2\/2024\/11\/Pompput-845x321-1.jpg 845w, https:\/\/landustrie.nl\/wp-content\/uploads\/sites\/2\/2024\/11\/Pompput-845x321-1-300x114.jpg 300w, https:\/\/landustrie.nl\/wp-content\/uploads\/sites\/2\/2024\/11\/Pompput-845x321-1-768x292.jpg 768w, https:\/\/landustrie.nl\/wp-content\/uploads\/sites\/2\/2024\/11\/Pompput-845x321-1-18x7.jpg 18w, https:\/\/landustrie.nl\/wp-content\/uploads\/sites\/2\/2024\/11\/Pompput-845x321-1-425x161.jpg 425w, https:\/\/landustrie.nl\/wp-content\/uploads\/sites\/2\/2024\/11\/Pompput-845x321-1-200x76.jpg 200w\" sizes=\"auto, (max-width: 845px) 100vw, 845px\" \/><\/figure>\n\n\n\n<h2 class=\"wp-block-heading\">Abwasserpumpen<\/h2>\n\n\n\n<p class=\"wp-block-paragraph\">F\u00fcr Abwasserpumpstationen und -pumpwerke liefern wir ein umfassendes Sortiment an LANDY Abwasserpumpen, komplett mit den dazugeh\u00f6rigen Rohrleitungen, elektrischen Steuerungen und Telemetriesystemen. Mit unserem eigenen Pumpenauswahlprogramm kann f\u00fcr jede Anwendung die effizienteste Abwasserpumpe ausgew\u00e4hlt werden.<\/p>\n\n\n\n<p class=\"wp-block-paragraph\">Nach der Auslieferung kann unsere eigene Serviceabteilung die weitere Betreuung und Wartung \u00fcbernehmen und bei Pannen oder Notf\u00e4llen sofort eingreifen. <\/p>\n\n\n\n<figure class=\"wp-block-image size-full is-resized is-style-rounded\"><img loading=\"lazy\" decoding=\"async\" width=\"2560\" height=\"1920\" src=\"https:\/\/landustrie.nl\/wp-content\/uploads\/sites\/2\/2021\/07\/Landustrie-Linton-Lock-United-Kingdom-2-scaled-1.jpg\" alt=\"\" class=\"wp-image-1694\" style=\"width:450px\" title=\"\" srcset=\"https:\/\/landustrie.nl\/wp-content\/uploads\/sites\/2\/2021\/07\/Landustrie-Linton-Lock-United-Kingdom-2-scaled-1.jpg 2560w, https:\/\/landustrie.nl\/wp-content\/uploads\/sites\/2\/2021\/07\/Landustrie-Linton-Lock-United-Kingdom-2-scaled-1-300x225.jpg 300w, https:\/\/landustrie.nl\/wp-content\/uploads\/sites\/2\/2021\/07\/Landustrie-Linton-Lock-United-Kingdom-2-scaled-1-1024x768.jpg 1024w, https:\/\/landustrie.nl\/wp-content\/uploads\/sites\/2\/2021\/07\/Landustrie-Linton-Lock-United-Kingdom-2-scaled-1-768x576.jpg 768w, https:\/\/landustrie.nl\/wp-content\/uploads\/sites\/2\/2021\/07\/Landustrie-Linton-Lock-United-Kingdom-2-scaled-1-1536x1152.jpg 1536w, https:\/\/landustrie.nl\/wp-content\/uploads\/sites\/2\/2021\/07\/Landustrie-Linton-Lock-United-Kingdom-2-scaled-1-2048x1536.jpg 2048w, https:\/\/landustrie.nl\/wp-content\/uploads\/sites\/2\/2021\/07\/Landustrie-Linton-Lock-United-Kingdom-2-scaled-1-16x12.jpg 16w, https:\/\/landustrie.nl\/wp-content\/uploads\/sites\/2\/2021\/07\/Landustrie-Linton-Lock-United-Kingdom-2-scaled-1-1440x1080.jpg 1440w, https:\/\/landustrie.nl\/wp-content\/uploads\/sites\/2\/2021\/07\/Landustrie-Linton-Lock-United-Kingdom-2-scaled-1-425x319.jpg 425w, https:\/\/landustrie.nl\/wp-content\/uploads\/sites\/2\/2021\/07\/Landustrie-Linton-Lock-United-Kingdom-2-scaled-1-850x638.jpg 850w, https:\/\/landustrie.nl\/wp-content\/uploads\/sites\/2\/2021\/07\/Landustrie-Linton-Lock-United-Kingdom-2-scaled-1-1275x956.jpg 1275w, https:\/\/landustrie.nl\/wp-content\/uploads\/sites\/2\/2021\/07\/Landustrie-Linton-Lock-United-Kingdom-2-scaled-1-200x150.jpg 200w\" sizes=\"auto, (max-width: 2560px) 100vw, 2560px\" \/><\/figure>\n\n\n\n<h2 class=\"wp-block-heading\">Wasserkraft<\/h2>\n\n\n\n<p class=\"wp-block-paragraph\">Die traditionelle Landustrie-Schnecke, mit der Wasser von einem niedrigen auf ein hohes Niveau gepumpt wird, wird durch die Nutzung von Wasserkraft auch als Generator eingesetzt. Wenn Wasser durch die Schnecke nach unten flie\u00dft, beginnt sich die Schnecke zu drehen und es kann erneuerbare Energie erzeugt werden. Der Vorteil gegen\u00fcber anderen Energiequellen ist, dass die Kraft des Wassers 24 Stunden am Tag zur Verf\u00fcgung steht. Wir verf\u00fcgen \u00fcber das Wissen, um ein Wasserkraftwerk von der ersten Entwurfsphase bis zur Umsetzung zu realisieren. Sowohl in den Niederlanden als auch in Europa wurden bereits mehrere Wasserkraftwerke geliefert und installiert.<\/p>\n\n\n\n<figure class=\"wp-block-image size-full is-resized is-style-rounded\"><img loading=\"lazy\" decoding=\"async\" width=\"845\" height=\"321\" src=\"https:\/\/landustrie.nl\/wp-content\/uploads\/sites\/2\/2024\/11\/Land13-845x321-1.jpg\" alt=\"\" class=\"wp-image-18931\" style=\"width:450px\" title=\"\" srcset=\"https:\/\/landustrie.nl\/wp-content\/uploads\/sites\/2\/2024\/11\/Land13-845x321-1.jpg 845w, https:\/\/landustrie.nl\/wp-content\/uploads\/sites\/2\/2024\/11\/Land13-845x321-1-300x114.jpg 300w, https:\/\/landustrie.nl\/wp-content\/uploads\/sites\/2\/2024\/11\/Land13-845x321-1-768x292.jpg 768w, https:\/\/landustrie.nl\/wp-content\/uploads\/sites\/2\/2024\/11\/Land13-845x321-1-18x7.jpg 18w, https:\/\/landustrie.nl\/wp-content\/uploads\/sites\/2\/2024\/11\/Land13-845x321-1-425x161.jpg 425w, https:\/\/landustrie.nl\/wp-content\/uploads\/sites\/2\/2024\/11\/Land13-845x321-1-200x76.jpg 200w\" sizes=\"auto, (max-width: 845px) 100vw, 845px\" \/><\/figure>\n<\/div>\n<\/div>\n<\/div><style>#ms-container-dfb311e.has-background:before {\n\tbackground-color: transparent;\n}\n \n@media screen and (max-width: 39.9375em) {\n\t#ms-container-dfb311e {\n\t\tpadding-top: 1.5rem;\n\t\tpadding-bottom: 1.5rem;\n\n\t}\n}\n\n@media screen and (min-width: 40em) and (max-width: 63.9375em) {\n\t#ms-container-dfb311e {\n\t\tpadding-top: 3rem;\n\t\tpadding-bottom: 3rem;\n\n\t}\n}\n\n@media screen and (min-width: 64em) {\n\t#ms-container-dfb311e {\n\t\tpadding-top: 3rem;\n\t\tpadding-bottom: 3rem;\n\n\t}\n}<\/style><\/div>\n\n\n\n<p class=\"wp-block-paragraph\"><\/p>","protected":false},"excerpt":{"rendered":"<p>Wasser ist \u00fcberall und allumfassend, und so ist es auch mit der Landustrie-Produktpalette. Wir k\u00f6nnen ein Produkt f\u00fcr jeden Behandlungsschritt anbieten. Wir sind also schon seit mehr als 100 Jahren in der Wassertechnologie t\u00e4tig! Lesen Sie unten mehr \u00fcber unsere Produkte und L\u00f6sungen. F\u00fcr Kl\u00e4ranlagen entwickeln und liefern wir Produkte, die in jeder Behandlungsstufe eingesetzt werden k\u00f6nnen...<\/p>","protected":false},"author":1,"featured_media":1735,"parent":0,"menu_order":0,"comment_status":"closed","ping_status":"closed","template":"","meta":{"_acf_changed":false,"_crdt_document":"","footnotes":""},"class_list":["post-94","page","type-page","status-publish","has-post-thumbnail","hentry"],"acf":[],"yoast_head":"<!-- This site is optimized with the Yoast SEO plugin v27.3 - https:\/\/yoast.com\/product\/yoast-seo-wordpress\/ -->\n<title>Landustrie - Landustrie<\/title>\n<meta name=\"robots\" content=\"index, follow, max-snippet:-1, max-image-preview:large, max-video-preview:-1\" \/>\n<link rel=\"canonical\" href=\"https:\/\/landustrie.nl\/de\/uber-landustrie\/\" \/>\n<meta property=\"og:locale\" content=\"de_DE\" \/>\n<meta property=\"og:type\" content=\"article\" \/>\n<meta property=\"og:title\" content=\"Landustrie - Landustrie\" \/>\n<meta property=\"og:description\" content=\"Water is overal en allesomvattend en zo is het eigenlijk ook met de Landustrie productenrange. Voor elke zuiveringsstap kunnen wij een product bieden. We zijn dan ook al meer dan 100 jaar actief op het gebied van watertechnologie! Lees hieronder meer over onze producten en oplossingen. Voor&nbsp;afvalwaterzuiveringsinstallaties&nbsp;ontwerpen en leveren wij producten die in iedere zuiveringsstap...\" \/>\n<meta property=\"og:url\" content=\"https:\/\/landustrie.nl\/de\/uber-landustrie\/\" \/>\n<meta property=\"og:site_name\" content=\"Landustrie\" \/>\n<meta property=\"article:modified_time\" content=\"2024-12-24T12:27:38+00:00\" \/>\n<meta property=\"og:image\" content=\"https:\/\/landustrie.nl\/wp-content\/uploads\/sites\/2\/2021\/07\/Landustrie-RWZI-Everstekoog-The-Netherlands-1.jpg\" \/>\n\t<meta property=\"og:image:width\" content=\"800\" \/>\n\t<meta property=\"og:image:height\" content=\"480\" \/>\n\t<meta property=\"og:image:type\" content=\"image\/jpeg\" \/>\n<meta name=\"twitter:card\" content=\"summary_large_image\" \/>\n<meta name=\"twitter:label1\" content=\"Gesch\u00e4tzte Lesezeit\" \/>\n\t<meta name=\"twitter:data1\" content=\"4\u00a0Minuten\" \/>\n<script type=\"application\/ld+json\" class=\"yoast-schema-graph\">{\"@context\":\"https:\\\/\\\/schema.org\",\"@graph\":[{\"@type\":\"WebPage\",\"@id\":\"https:\\\/\\\/landustrie.nl\\\/over-landustrie\\\/\",\"url\":\"https:\\\/\\\/landustrie.nl\\\/over-landustrie\\\/\",\"name\":\"Landustrie - Landustrie\",\"isPartOf\":{\"@id\":\"https:\\\/\\\/landustrie.nl\\\/#website\"},\"primaryImageOfPage\":{\"@id\":\"https:\\\/\\\/landustrie.nl\\\/over-landustrie\\\/#primaryimage\"},\"image\":{\"@id\":\"https:\\\/\\\/landustrie.nl\\\/over-landustrie\\\/#primaryimage\"},\"thumbnailUrl\":\"https:\\\/\\\/landustrie.nl\\\/wp-content\\\/uploads\\\/sites\\\/2\\\/2021\\\/07\\\/Landustrie-RWZI-Everstekoog-The-Netherlands-1.jpg\",\"datePublished\":\"2024-11-13T05:19:36+00:00\",\"dateModified\":\"2024-12-24T12:27:38+00:00\",\"breadcrumb\":{\"@id\":\"https:\\\/\\\/landustrie.nl\\\/over-landustrie\\\/#breadcrumb\"},\"inLanguage\":\"de\",\"potentialAction\":[{\"@type\":\"ReadAction\",\"target\":[\"https:\\\/\\\/landustrie.nl\\\/over-landustrie\\\/\"]}]},{\"@type\":\"ImageObject\",\"inLanguage\":\"de\",\"@id\":\"https:\\\/\\\/landustrie.nl\\\/over-landustrie\\\/#primaryimage\",\"url\":\"https:\\\/\\\/landustrie.nl\\\/wp-content\\\/uploads\\\/sites\\\/2\\\/2021\\\/07\\\/Landustrie-RWZI-Everstekoog-The-Netherlands-1.jpg\",\"contentUrl\":\"https:\\\/\\\/landustrie.nl\\\/wp-content\\\/uploads\\\/sites\\\/2\\\/2021\\\/07\\\/Landustrie-RWZI-Everstekoog-The-Netherlands-1.jpg\",\"width\":800,\"height\":480,\"caption\":\"Landustrie Rwzi Everstekoog The Netherlands 1\"},{\"@type\":\"BreadcrumbList\",\"@id\":\"https:\\\/\\\/landustrie.nl\\\/over-landustrie\\\/#breadcrumb\",\"itemListElement\":[{\"@type\":\"ListItem\",\"position\":1,\"name\":\"Home\",\"item\":\"https:\\\/\\\/landustrie.nl\\\/\"},{\"@type\":\"ListItem\",\"position\":2,\"name\":\"Landustrie\"}]},{\"@type\":\"WebSite\",\"@id\":\"https:\\\/\\\/landustrie.nl\\\/#website\",\"url\":\"https:\\\/\\\/landustrie.nl\\\/\",\"name\":\"Landustrie\",\"description\":\"\",\"potentialAction\":[{\"@type\":\"SearchAction\",\"target\":{\"@type\":\"EntryPoint\",\"urlTemplate\":\"https:\\\/\\\/landustrie.nl\\\/?s={search_term_string}\"},\"query-input\":{\"@type\":\"PropertyValueSpecification\",\"valueRequired\":true,\"valueName\":\"search_term_string\"}}],\"inLanguage\":\"de\"}]}<\/script>\n<!-- \/ Yoast SEO plugin. -->","yoast_head_json":{"title":"Landustrie - Landustrie","robots":{"index":"index","follow":"follow","max-snippet":"max-snippet:-1","max-image-preview":"max-image-preview:large","max-video-preview":"max-video-preview:-1"},"canonical":"https:\/\/landustrie.nl\/de\/uber-landustrie\/","og_locale":"de_DE","og_type":"article","og_title":"Landustrie - Landustrie","og_description":"Water is overal en allesomvattend en zo is het eigenlijk ook met de Landustrie productenrange. Voor elke zuiveringsstap kunnen wij een product bieden. We zijn dan ook al meer dan 100 jaar actief op het gebied van watertechnologie! Lees hieronder meer over onze producten en oplossingen. Voor&nbsp;afvalwaterzuiveringsinstallaties&nbsp;ontwerpen en leveren wij producten die in iedere zuiveringsstap...","og_url":"https:\/\/landustrie.nl\/de\/uber-landustrie\/","og_site_name":"Landustrie","article_modified_time":"2024-12-24T12:27:38+00:00","og_image":[{"width":800,"height":480,"url":"https:\/\/landustrie.nl\/wp-content\/uploads\/sites\/2\/2021\/07\/Landustrie-RWZI-Everstekoog-The-Netherlands-1.jpg","type":"image\/jpeg"}],"twitter_card":"summary_large_image","twitter_misc":{"Gesch\u00e4tzte Lesezeit":"4\u00a0Minuten"},"schema":{"@context":"https:\/\/schema.org","@graph":[{"@type":"WebPage","@id":"https:\/\/landustrie.nl\/over-landustrie\/","url":"https:\/\/landustrie.nl\/over-landustrie\/","name":"Landustrie - Landustrie","isPartOf":{"@id":"https:\/\/landustrie.nl\/#website"},"primaryImageOfPage":{"@id":"https:\/\/landustrie.nl\/over-landustrie\/#primaryimage"},"image":{"@id":"https:\/\/landustrie.nl\/over-landustrie\/#primaryimage"},"thumbnailUrl":"https:\/\/landustrie.nl\/wp-content\/uploads\/sites\/2\/2021\/07\/Landustrie-RWZI-Everstekoog-The-Netherlands-1.jpg","datePublished":"2024-11-13T05:19:36+00:00","dateModified":"2024-12-24T12:27:38+00:00","breadcrumb":{"@id":"https:\/\/landustrie.nl\/over-landustrie\/#breadcrumb"},"inLanguage":"de","potentialAction":[{"@type":"ReadAction","target":["https:\/\/landustrie.nl\/over-landustrie\/"]}]},{"@type":"ImageObject","inLanguage":"de","@id":"https:\/\/landustrie.nl\/over-landustrie\/#primaryimage","url":"https:\/\/landustrie.nl\/wp-content\/uploads\/sites\/2\/2021\/07\/Landustrie-RWZI-Everstekoog-The-Netherlands-1.jpg","contentUrl":"https:\/\/landustrie.nl\/wp-content\/uploads\/sites\/2\/2021\/07\/Landustrie-RWZI-Everstekoog-The-Netherlands-1.jpg","width":800,"height":480,"caption":"Landustrie Rwzi Everstekoog The Netherlands 1"},{"@type":"BreadcrumbList","@id":"https:\/\/landustrie.nl\/over-landustrie\/#breadcrumb","itemListElement":[{"@type":"ListItem","position":1,"name":"Home","item":"https:\/\/landustrie.nl\/"},{"@type":"ListItem","position":2,"name":"Landustrie"}]},{"@type":"WebSite","@id":"https:\/\/landustrie.nl\/#website","url":"https:\/\/landustrie.nl\/","name":"Landustrie","description":"","potentialAction":[{"@type":"SearchAction","target":{"@type":"EntryPoint","urlTemplate":"https:\/\/landustrie.nl\/?s={search_term_string}"},"query-input":{"@type":"PropertyValueSpecification","valueRequired":true,"valueName":"search_term_string"}}],"inLanguage":"de"}]}},"_links":{"self":[{"href":"https:\/\/landustrie.nl\/de\/wp-json\/wp\/v2\/pages\/94","targetHints":{"allow":["GET"]}}],"collection":[{"href":"https:\/\/landustrie.nl\/de\/wp-json\/wp\/v2\/pages"}],"about":[{"href":"https:\/\/landustrie.nl\/de\/wp-json\/wp\/v2\/types\/page"}],"author":[{"embeddable":true,"href":"https:\/\/landustrie.nl\/de\/wp-json\/wp\/v2\/users\/1"}],"replies":[{"embeddable":true,"href":"https:\/\/landustrie.nl\/de\/wp-json\/wp\/v2\/comments?post=94"}],"version-history":[{"count":35,"href":"https:\/\/landustrie.nl\/de\/wp-json\/wp\/v2\/pages\/94\/revisions"}],"predecessor-version":[{"id":20531,"href":"https:\/\/landustrie.nl\/de\/wp-json\/wp\/v2\/pages\/94\/revisions\/20531"}],"wp:featuredmedia":[{"embeddable":true,"href":"https:\/\/landustrie.nl\/de\/wp-json\/wp\/v2\/media\/1735"}],"wp:attachment":[{"href":"https:\/\/landustrie.nl\/de\/wp-json\/wp\/v2\/media?parent=94"}],"curies":[{"name":"wp","href":"https:\/\/api.w.org\/{rel}","templated":true}]}}